{"id":73,"date":"2015-09-26T17:08:14","date_gmt":"2015-09-26T17:08:14","guid":{"rendered":"http:\/\/www.point-editions.com\/?page_id=73"},"modified":"2016-09-27T17:01:30","modified_gmt":"2016-09-27T15:01:30","slug":"about-point","status":"publish","type":"page","link":"https:\/\/www.point-editions.com\/en\/about-point\/","title":{"rendered":"About point"},"content":{"rendered":"<p><center><span class=\"style2\">A Profile on Point&#8230;<\/span><\/center><\/p>\n<table border=\"0\" cellspacing=\"5\" cellpadding=\"5\">\n<tbody>\n<tr>\n<td valign=\"top\">\u00a0<span style=\"font-size: medium;\"><span style=\"font-size: medium;\"><br \/>\n<b><\/b><\/span><\/span><strong class=\"style2\">P<\/strong><strong>OINT (POetry<\/strong><strong> INTernational), founded in 1984, has translated and published poetry from THE WORLD\u2019S BEST <u>KNOWN<\/u> &amp; <u>UNKNOWN<\/u> POETS. Poetry from: Argentina, Austria, Belgium, Bosnia, Brazil, Canada, Croatia, Czech Republic, Chile, China, Croatia, Cuba, Bulgaria, Germany, Hungary, Iceland, India, Iran, Italy, Japan, Korea, Macedonia, Mexico, Lebanon, Morocco, Palestine, Portugal, Slovakia , Spain, U.S., Taiwan, Thailand, Turkey&#8230; <\/strong><br \/>\n<strong class=\"style2\">P<\/strong><strong>oint was founded in Belgium by the Flemish poet Germain Droogenboodt with the idea of realising &#8220;a human, international conversation, between all people by means of translating and publishing poetry&#8221;. Most POINT publications are anthologies, focusing the poetry from one country. This consists of an introduction into the poetry evolution of the selected country, a short bio-bibliography and 3-4 poems per poet, generally in the original language and in Dutch translation. Moreover the cover is always a reproduction in full colour of a work of art by a famous painter from the same country. Some editions have more illustrations inside the book.<\/strong><br \/>\n<strong class=\"style2\">W<\/strong><strong>orld famous poets have been published in POINT editions. A small selection: Argentina: <em>Juan Gelman<\/em><em>, Roberto Juarroz, Alejandra Pizarnik<\/em>, Bosnia: <em>Mak Dizdar, Izet Sarajlic<\/em>, Canada: \u00a0<em>Margaret Atwood<\/em>, China<em>: Bei Dao, Duo Duo<\/em>, Czech Republic: <em>Jan Sk\u00e1cel<\/em>, Germany: Bertold Brecht, <em>Sarah Kirsch, Peter Huchel, Reiner Kunze<\/em>, Iran: <em>Sohrab Sepehri, Ahmad Schamlu<\/em>, Japan: <em>Basho, Busson, Issa, Shiki<\/em>, Mexico: <em>Octavio Paz, Xavier Villaurutia<\/em>, Peru: <em>Cesar Vallejo,<\/em> Portugal: <em>Eugenio de Andrade<\/em>, <em>Ramos Rosa<\/em>, <em>Casimiro de<\/em><em> Brito<\/em>, Spain: <em>Miguel Hern\u00e1ndez, Jos\u00e9 \u00c1ngel Valente, Francisco Brines<\/em>, Peru: <em>C\u00e9sar Vallejo<\/em>, Turkey: <em>Nazim Hikmet<\/em>, Palestine: <em>Mahmud Darwish<\/em>, Taiwan: <em>YU Kwang-chung, Lo Fu<\/em>\u2026But also excellent, but abroad unknown poets from Bulgaria, Chile, Iceland, Korea, Morocco\u2026 etc. <\/strong><br \/>\n<strong class=\"style2\">S<\/strong><strong>o far, POINT published more than 90 books of poetry and publishes also in cooperation with its Spanish sister company the Cultural Foundation ITHACA books on music, publications in Spanish as well as scores. At POINT\u2019s website \u2013 <em>see POINT\u2019s Favorites<\/em> \u2013 one will find poems by famous modern poets from all over the globe, a list which is extended at each quarterly upgrade.<\/strong><br \/>\n<strong class=\"style2\">T<\/strong><strong><strong>he anthology &#8220;The Winged Word, part I&#8221; (Het Gevleugelde Woord, deel I), has been published to mark POINT&#8217;s 10th anniversary and contains the best poems, selected from POINT\u2019s publications of modern international poetry. A second anthology, \u201cHet Gevleugelde Woord, deel II) has been published to celebrate POINT\u2019s 15th anniversary.<\/strong><\/strong><\/p>\n<p><strong class=\"style2\">I<\/strong><strong>n order to promote its publications, POINT organizes regularly poetry recitals with music performances in cultural centres and art galleries, exhibits yearly at the Book Fair in Antwerp and participates at poetry festivals and congresses worldwide.<\/strong><\/p>\n<div align=\"center\"><span class=\"dred\"><strong>OUR UNCOMPROMISING GOAL:<\/strong><\/span><strong><br \/>\n<em>To do something, how little and futile it might be, for a more beautiful, a more peaceful, a more human world<\/em> <\/strong><br \/>\n<span class=\"dred\"><strong>* Information about leading poets, especially from less known countries,<br \/>\nis most welcome and will be studied carefully.<\/strong><\/span><strong>Mail to:<br \/>\nPOINT Editions, Apdo. 125, E-03590 Altea, Spain<br \/>\ne-mail: elpoeta@point-editions.com<\/strong><\/p>\n<\/div>\n<\/td>\n<\/tr>\n<\/tbody>\n<\/table>\n<p><\/p>","protected":false},"excerpt":{"rendered":"<p>A Profile on Point&#8230; \u00a0 POINT (POetry INTernational), founded in 1984, has translated and published poetry from THE WORLD\u2019S BEST KNOWN &amp; UNKNOWN POETS. Poetry from: Argentina, Austria, Belgium, Bosnia, Brazil, Canada, Croatia, Czech Republic, Chile, China, Croatia, Cuba, Bulgaria, Germany, Hungary, Iceland, India, Iran, Italy, Japan, Korea, Macedonia, Mexico, Lebanon, Morocco, Palestine, Portugal, Slovakia [&hellip;]<\/p>\n","protected":false},"author":1,"featured_media":74,"parent":0,"menu_order":0,"comment_status":"closed","ping_status":"closed","template":"","meta":{"_wp_rev_ctl_limit":""},"_links":{"self":[{"href":"https:\/\/www.point-editions.com\/en\/wp-json\/wp\/v2\/pages\/73"}],"collection":[{"href":"https:\/\/www.point-editions.com\/en\/wp-json\/wp\/v2\/pages"}],"about":[{"href":"https:\/\/www.point-editions.com\/en\/wp-json\/wp\/v2\/types\/page"}],"author":[{"embeddable":true,"href":"https:\/\/www.point-editions.com\/en\/wp-json\/wp\/v2\/users\/1"}],"replies":[{"embeddable":true,"href":"https:\/\/www.point-editions.com\/en\/wp-json\/wp\/v2\/comments?post=73"}],"version-history":[{"count":0,"href":"https:\/\/www.point-editions.com\/en\/wp-json\/wp\/v2\/pages\/73\/revisions"}],"wp:featuredmedia":[{"embeddable":true,"href":"https:\/\/www.point-editions.com\/en\/wp-json\/wp\/v2\/media\/74"}],"wp:attachment":[{"href":"https:\/\/www.point-editions.com\/en\/wp-json\/wp\/v2\/media?parent=73"}],"curies":[{"name":"wp","href":"https:\/\/api.w.org\/{rel}","templated":true}]}}