
	{"id":2869,"date":"2016-09-27T21:45:54","date_gmt":"2016-09-27T19:45:54","guid":{"rendered":"http:\/\/www.point-editions.com\/?page_id=2869"},"modified":"2016-09-27T23:46:20","modified_gmt":"2016-09-27T21:46:20","slug":"home2","status":"publish","type":"page","link":"https:\/\/www.point-editions.com\/es\/home2\/","title":{"rendered":"h"},"content":{"rendered":"<p class=\"qtranxs-available-languages-message qtranxs-available-languages-message-es\">Disculpa, pero esta entrada est\u00e1 disponible s\u00f3lo en <a href=\"https:\/\/www.point-editions.com\/en\/wp-json\/wp\/v2\/pages\/2869\" class=\"qtranxs-available-language-link qtranxs-available-language-link-en\" title=\"English\">Ingl\u00e9s Estadounidense<\/a>.<\/p>","protected":false},"excerpt":{"rendered":"<p>Disculpa, pero esta entrada est\u00e1 disponible s\u00f3lo en Ingl\u00e9s Estadounidense.<\/p>\n","protected":false},"author":1,"featured_media":0,"parent":0,"menu_order":0,"comment_status":"closed","ping_status":"closed","template":"","meta":{"_wp_rev_ctl_limit":""},"_links":{"self":[{"href":"https:\/\/www.point-editions.com\/es\/wp-json\/wp\/v2\/pages\/2869"}],"collection":[{"href":"https:\/\/www.point-editions.com\/es\/wp-json\/wp\/v2\/pages"}],"about":[{"href":"https:\/\/www.point-editions.com\/es\/wp-json\/wp\/v2\/types\/page"}],"author":[{"embeddable":true,"href":"https:\/\/www.point-editions.com\/es\/wp-json\/wp\/v2\/users\/1"}],"replies":[{"embeddable":true,"href":"https:\/\/www.point-editions.com\/es\/wp-json\/wp\/v2\/comments?post=2869"}],"version-history":[{"count":0,"href":"https:\/\/www.point-editions.com\/es\/wp-json\/wp\/v2\/pages\/2869\/revisions"}],"wp:attachment":[{"href":"https:\/\/www.point-editions.com\/es\/wp-json\/wp\/v2\/media?parent=2869"}],"curies":[{"name":"wp","href":"https:\/\/api.w.org\/{rel}","templated":true}]}}