{"id":73,"date":"2015-09-26T17:08:14","date_gmt":"2015-09-26T17:08:14","guid":{"rendered":"http:\/\/www.point-editions.com\/?page_id=73"},"modified":"2016-09-27T17:01:30","modified_gmt":"2016-09-27T15:01:30","slug":"about-point","status":"publish","type":"page","link":"https:\/\/www.point-editions.com\/es\/about-point\/","title":{"rendered":"Editorial POINT"},"content":{"rendered":"<p><\/p>\n<table border=\"0\" cellspacing=\"5\" cellpadding=\"5\">\n<tbody>\n<tr>\n<td valign=\"top\">\n<h3 style=\"text-align: justify;\">Un puente po\u00e9tico internacional<\/h3>\n<p style=\"text-align: justify;\">La editorial POINT,\u00a0POes\u00eda\u00a0INTernacional, fue fundada en 1984 en B\u00e9lgica por el poeta flamenco (belga) Germain Droogenbroodt. Humanista y buen conocedor de Oriente, el poeta cosmopolita so\u00f1aba con hacer algo, por poco que fuese, para favorecer un mejor entendimiento entre las naciones, las culturas y los seres humanos con la traducci\u00f3n, la publicaci\u00f3n y la difusi\u00f3n de poes\u00eda moderna internacional. Porque qui\u00e9n, sino el poeta, toma el pulso de su pa\u00eds, siente, sabe y escribe sobre las alegr\u00edas y las penas de su pueblo. Como Paul Celan con su incomparable Fuga de la muerte referida a las c\u00e1maras de gas de los nazis, como Juan Gelman sobre los desaparecidos en Argentina, como Izet Sarailiz sobre la guerra en la extinta Yugoslavia, como Mahmud Darwish sobre la di\u00e1spora y la miseria de los palestinos\u2026<\/p>\n<div style=\"text-align: justify;\" align=\"center\">\n<p>As\u00ed, la editorial belga ha publicado una extensa colecci\u00f3n de poes\u00eda internacional. No solamente antolog\u00edas de poetas con fama internacional, tales como Bertolt Brecht, Miguel Hern\u00e1ndez, Odysseas Elytis, Czeslaw Milosz, Yannis Ritsos, Mahmud Darwish o Eugenio de Andrade, sino principalmente antolog\u00edas de poes\u00ed de los mejores poetas de uno u otro pa\u00eds; incluso de pa\u00edses donde nunca se hab\u00eda publicado poes\u00eda en neerland\u00e9s, en ediciones casi siempre biling\u00fces: la lengua original m\u00e1s la traducci\u00f3n en neerland\u00e9s. No hay fronteras en las publicaciones de POINT: poes\u00eda moderna alemana, austriaca, belga, bosniaca, b\u00falgara, checa, china, coreana, italiana, japonesa, griega, haitiana, islandesa, libanesa, marroqu\u00ed, macedonia, mallorquina, mongol, rusa, taiwanesa\u2026<\/p>\n<p>Por supuesto, POINT ha publicado tambi\u00e9n libros con poetas espa\u00f1oles que nunca antes hab\u00edan sido traducidos al neerland\u00e9s: Miguel Hern\u00e1ndez, Francisco Brines, Juan Gil-Albert y Jos\u00e9 \u00c1ngel Valente. Tampoco han faltado ediciones biling\u00fces de poes\u00eda latinoamericana: antolog\u00edas de Argentina, Chile, M\u00e9xico, Nicaragua o incluso de Catalu\u00f1a y Mallorca.<\/p>\n<p><a href=\"http:\/\/www.point-editions.com\/es\/shop\/\" target=\"_blank\">Ver \u201cPUBLICACIONES\u201d para la lista con los t\u00edtulos de publicaciones en castellano.<\/a><\/p>\n<\/div>\n<\/td>\n<\/tr>\n<\/tbody>\n<\/table>\n<p><\/p>","protected":false},"excerpt":{"rendered":"<p>Un puente po\u00e9tico internacional La editorial POINT,\u00a0POes\u00eda\u00a0INTernacional, fue fundada en 1984 en B\u00e9lgica por el poeta flamenco (belga) Germain Droogenbroodt. Humanista y buen conocedor de Oriente, el poeta cosmopolita so\u00f1aba con hacer algo, por poco que fuese, para favorecer un mejor entendimiento entre las naciones, las culturas y los seres humanos con la traducci\u00f3n, la [&hellip;]<\/p>\n","protected":false},"author":1,"featured_media":74,"parent":0,"menu_order":0,"comment_status":"closed","ping_status":"closed","template":"","meta":{"_wp_rev_ctl_limit":""},"_links":{"self":[{"href":"https:\/\/www.point-editions.com\/es\/wp-json\/wp\/v2\/pages\/73"}],"collection":[{"href":"https:\/\/www.point-editions.com\/es\/wp-json\/wp\/v2\/pages"}],"about":[{"href":"https:\/\/www.point-editions.com\/es\/wp-json\/wp\/v2\/types\/page"}],"author":[{"embeddable":true,"href":"https:\/\/www.point-editions.com\/es\/wp-json\/wp\/v2\/users\/1"}],"replies":[{"embeddable":true,"href":"https:\/\/www.point-editions.com\/es\/wp-json\/wp\/v2\/comments?post=73"}],"version-history":[{"count":0,"href":"https:\/\/www.point-editions.com\/es\/wp-json\/wp\/v2\/pages\/73\/revisions"}],"wp:featuredmedia":[{"embeddable":true,"href":"https:\/\/www.point-editions.com\/es\/wp-json\/wp\/v2\/media\/74"}],"wp:attachment":[{"href":"https:\/\/www.point-editions.com\/es\/wp-json\/wp\/v2\/media?parent=73"}],"curies":[{"name":"wp","href":"https:\/\/api.w.org\/{rel}","templated":true}]}}