{"id":3012,"date":"2016-11-30T17:46:07","date_gmt":"2016-11-30T15:46:07","guid":{"rendered":"http:\/\/www.point-editions.com\/?page_id=3012"},"modified":"2016-11-30T17:46:07","modified_gmt":"2016-11-30T15:46:07","slug":"launching-of-dewdrops-in-kyoto-100-haiku-by-germain-droogenbroodt","status":"publish","type":"page","link":"https:\/\/www.point-editions.com\/fr\/launching-of-dewdrops-in-kyoto-100-haiku-by-germain-droogenbroodt\/","title":{"rendered":"Launching of \u00ab\u00a0Dewdrops\u00a0\u00bb, in Kyoto, 100 haiku by Germain Droogenbroodt"},"content":{"rendered":"<p class=\"qtranxs-available-languages-message qtranxs-available-languages-message-fr\">D\u00e9sol\u00e9, cet article est seulement disponible en <a href=\"https:\/\/www.point-editions.com\/en\/wp-json\/wp\/v2\/pages\/3012\" class=\"qtranxs-available-language-link qtranxs-available-language-link-en\" title=\"English\">Anglais Am\u00e9ricain<\/a>.<\/p>","protected":false},"excerpt":{"rendered":"<p>D\u00e9sol\u00e9, cet article est seulement disponible en Anglais Am\u00e9ricain.<\/p>\n","protected":false},"author":1,"featured_media":3014,"parent":0,"menu_order":0,"comment_status":"closed","ping_status":"closed","template":"","meta":{"_wp_rev_ctl_limit":""},"_links":{"self":[{"href":"https:\/\/www.point-editions.com\/fr\/wp-json\/wp\/v2\/pages\/3012"}],"collection":[{"href":"https:\/\/www.point-editions.com\/fr\/wp-json\/wp\/v2\/pages"}],"about":[{"href":"https:\/\/www.point-editions.com\/fr\/wp-json\/wp\/v2\/types\/page"}],"author":[{"embeddable":true,"href":"https:\/\/www.point-editions.com\/fr\/wp-json\/wp\/v2\/users\/1"}],"replies":[{"embeddable":true,"href":"https:\/\/www.point-editions.com\/fr\/wp-json\/wp\/v2\/comments?post=3012"}],"version-history":[{"count":0,"href":"https:\/\/www.point-editions.com\/fr\/wp-json\/wp\/v2\/pages\/3012\/revisions"}],"wp:featuredmedia":[{"embeddable":true,"href":"https:\/\/www.point-editions.com\/fr\/wp-json\/wp\/v2\/media\/3014"}],"wp:attachment":[{"href":"https:\/\/www.point-editions.com\/fr\/wp-json\/wp\/v2\/media?parent=3012"}],"curies":[{"name":"wp","href":"https:\/\/api.w.org\/{rel}","templated":true}]}}