{"id":437,"date":"2015-10-15T18:59:11","date_gmt":"2015-10-15T18:59:11","guid":{"rendered":"http:\/\/www.point-editions.com\/?page_id=437"},"modified":"2015-10-31T23:34:29","modified_gmt":"2015-10-31T21:34:29","slug":"mujica","status":"publish","type":"page","link":"https:\/\/www.point-editions.com\/fr\/points-favourite-poets-2\/mujica\/","title":{"rendered":"HM"},"content":{"rendered":"<p class=\"qtranxs-available-languages-message qtranxs-available-languages-message-fr\">D\u00e9sol\u00e9, cet article est seulement disponible en <a href=\"https:\/\/www.point-editions.com\/en\/wp-json\/wp\/v2\/pages\/437\" class=\"qtranxs-available-language-link qtranxs-available-language-link-en\" title=\"English\">Anglais Am\u00e9ricain<\/a>.<\/p>","protected":false},"excerpt":{"rendered":"<p>D\u00e9sol\u00e9, cet article est seulement disponible en Anglais Am\u00e9ricain.<\/p>\n","protected":false},"author":1,"featured_media":0,"parent":434,"menu_order":0,"comment_status":"closed","ping_status":"closed","template":"page-nosidebar.php","meta":{"_wp_rev_ctl_limit":""},"_links":{"self":[{"href":"https:\/\/www.point-editions.com\/fr\/wp-json\/wp\/v2\/pages\/437"}],"collection":[{"href":"https:\/\/www.point-editions.com\/fr\/wp-json\/wp\/v2\/pages"}],"about":[{"href":"https:\/\/www.point-editions.com\/fr\/wp-json\/wp\/v2\/types\/page"}],"author":[{"embeddable":true,"href":"https:\/\/www.point-editions.com\/fr\/wp-json\/wp\/v2\/users\/1"}],"replies":[{"embeddable":true,"href":"https:\/\/www.point-editions.com\/fr\/wp-json\/wp\/v2\/comments?post=437"}],"version-history":[{"count":0,"href":"https:\/\/www.point-editions.com\/fr\/wp-json\/wp\/v2\/pages\/437\/revisions"}],"up":[{"embeddable":true,"href":"https:\/\/www.point-editions.com\/fr\/wp-json\/wp\/v2\/pages\/434"}],"wp:attachment":[{"href":"https:\/\/www.point-editions.com\/fr\/wp-json\/wp\/v2\/media?parent=437"}],"curies":[{"name":"wp","href":"https:\/\/api.w.org\/{rel}","templated":true}]}}