{"id":73,"date":"2015-09-26T17:08:14","date_gmt":"2015-09-26T17:08:14","guid":{"rendered":"http:\/\/www.point-editions.com\/?page_id=73"},"modified":"2016-09-27T17:01:30","modified_gmt":"2016-09-27T15:01:30","slug":"about-point","status":"publish","type":"page","link":"https:\/\/www.point-editions.com\/fr\/about-point\/","title":{"rendered":"About point"},"content":{"rendered":"<p class=\"qtranxs-available-languages-message qtranxs-available-languages-message-fr\">D\u00e9sol\u00e9, cet article est seulement disponible en <a href=\"https:\/\/www.point-editions.com\/en\/wp-json\/wp\/v2\/pages\/73\" class=\"qtranxs-available-language-link qtranxs-available-language-link-en\" title=\"English\">Anglais Am\u00e9ricain<\/a>, <a href=\"https:\/\/www.point-editions.com\/nl\/wp-json\/wp\/v2\/pages\/73\" class=\"qtranxs-available-language-link qtranxs-available-language-link-nl\" title=\"Nederlands\">N\u00e9erlandais<\/a> et <a href=\"https:\/\/www.point-editions.com\/es\/wp-json\/wp\/v2\/pages\/73\" class=\"qtranxs-available-language-link qtranxs-available-language-link-es\" title=\"Espa\u00f1ol\">Espagnol Europ\u00e9en<\/a>.<\/p>","protected":false},"excerpt":{"rendered":"<p>D\u00e9sol\u00e9, cet article est seulement disponible en Anglais Am\u00e9ricain, N\u00e9erlandais et Espagnol Europ\u00e9en.<\/p>\n","protected":false},"author":1,"featured_media":74,"parent":0,"menu_order":0,"comment_status":"closed","ping_status":"closed","template":"","meta":{"_wp_rev_ctl_limit":""},"_links":{"self":[{"href":"https:\/\/www.point-editions.com\/fr\/wp-json\/wp\/v2\/pages\/73"}],"collection":[{"href":"https:\/\/www.point-editions.com\/fr\/wp-json\/wp\/v2\/pages"}],"about":[{"href":"https:\/\/www.point-editions.com\/fr\/wp-json\/wp\/v2\/types\/page"}],"author":[{"embeddable":true,"href":"https:\/\/www.point-editions.com\/fr\/wp-json\/wp\/v2\/users\/1"}],"replies":[{"embeddable":true,"href":"https:\/\/www.point-editions.com\/fr\/wp-json\/wp\/v2\/comments?post=73"}],"version-history":[{"count":0,"href":"https:\/\/www.point-editions.com\/fr\/wp-json\/wp\/v2\/pages\/73\/revisions"}],"wp:featuredmedia":[{"embeddable":true,"href":"https:\/\/www.point-editions.com\/fr\/wp-json\/wp\/v2\/media\/74"}],"wp:attachment":[{"href":"https:\/\/www.point-editions.com\/fr\/wp-json\/wp\/v2\/media?parent=73"}],"curies":[{"name":"wp","href":"https:\/\/api.w.org\/{rel}","templated":true}]}}